{"id":46,"date":"2020-03-22T18:42:25","date_gmt":"2020-03-22T18:42:25","guid":{"rendered":"https:\/\/www.transporte-klaus.de\/wordpress\/?page_id=46"},"modified":"2021-07-02T18:33:06","modified_gmt":"2021-07-02T18:33:06","slug":"ueber-uns","status":"publish","type":"page","link":"https:\/\/www.transporte-klaus.de\/index.php\/ueber-uns\/","title":{"rendered":"\u00dcber uns"},"content":{"rendered":"<div id=\"pl-gb46-6a0079e1019e8\"  class=\"panel-layout\" ><div id=\"pg-gb46-6a0079e1019e8-0\"  class=\"panel-grid panel-has-style\" ><div class=\"siteorigin-panels-stretch panel-row-style panel-row-style-for-gb46-6a0079e1019e8-0\" data-stretch-type=\"full\" ><div id=\"pgc-gb46-6a0079e1019e8-0-0\"  class=\"panel-grid-cell\" ><div id=\"panel-gb46-6a0079e1019e8-0-0-0\" class=\"so-panel widget widget_sow-headline panel-first-child panel-last-child\" data-index=\"0\" ><div class=\"panel-widget-style panel-widget-style-for-gb46-6a0079e1019e8-0-0-0\" ><div\n\t\t\t\n\t\t\tclass=\"so-widget-sow-headline so-widget-sow-headline-default-5e8f0286a80d-46 so-widget-fittext-wrapper\"\n\t\t\t data-fit-text-compressor=\"0.85\"\n\t\t><div class=\"sow-headline-container \">\n\t<h1 class='sow-headline'>\u00dcber uns<\/h1><\/div><\/div><\/div><\/div><\/div><\/div><\/div><div id=\"pg-gb46-6a0079e1019e8-1\"  class=\"panel-grid panel-has-style\" ><div class=\"siteorigin-panels-stretch panel-row-style panel-row-style-for-gb46-6a0079e1019e8-1\" data-stretch-type=\"full\" ><div id=\"pgc-gb46-6a0079e1019e8-1-0\"  class=\"panel-grid-cell\" ><div id=\"panel-gb46-6a0079e1019e8-1-0-0\" class=\"so-panel widget widget_sow-headline panel-first-child\" data-index=\"1\" ><div class=\"panel-widget-style panel-widget-style-for-gb46-6a0079e1019e8-1-0-0\" ><div\n\t\t\t\n\t\t\tclass=\"so-widget-sow-headline so-widget-sow-headline-default-4eb8ec42b211-46 so-widget-fittext-wrapper\"\n\t\t\t data-fit-text-compressor=\"0.85\"\n\t\t><div class=\"sow-headline-container \">\n\t<h2 class='sow-headline'>Mehr als 40 Jahre Transporte Bodo Klaus GmbH &amp; Co. KG<\/h2><\/div><\/div><\/div><\/div><div id=\"panel-gb46-6a0079e1019e8-1-0-1\" class=\"so-panel widget widget_sow-editor panel-last-child\" data-index=\"2\" ><div\n\t\t\t\n\t\t\tclass=\"so-widget-sow-editor so-widget-sow-editor-base\"\n\t\t\t\n\t\t>\n<div class=\"siteorigin-widget-tinymce textwidget\">\n\t<div id=\"content_right\">\n<div id=\"content_right_big_margin\">\n<p>Die Firma Transporte Bodo Klaus GmbH &amp; Co. KG wurde 1969 von Herrn Bodo Klaus in V\u00f6hl-Dorfitter gegr\u00fcndet.<\/p>\n<p>1996 erfolgte der Umzug in die Raiffeisenstra\u00dfe 8 nach 34497 Korbach im Landkreis Waldeck-Frankenberg (Nordhessen). Dort wurde neben dem Bereich Transportdienstleistungen der Neureifenbereich Verg\u00f6lst mit Warehousing und Auslieferung \u00fcbernommen.<\/p>\n<p>Von 2004 bis 2010 betrieben wir das AOK-Hilfsmittel Logistikzentrum Nordhessen auf einer Lagerfl\u00e4che von 2500 m\u00b2. In diesen Jahren waren wir f\u00fcr das Warehousing und die komplette Logistik, nebst Auslieferung in Hessen zust\u00e4ndig. Das Lager bestand aus 3500 Lagerpl\u00e4tzen. Da das Land Hessen gesetzlich verpflichtet wurde, diese Logistik wieder an Sanit\u00e4tsh\u00e4user zu \u00fcbergeben, wurde das Zentrallager Korbach aufgel\u00f6st.<\/p>\n<p>Im Jahr 2008 \u00fcbernahmen die Geschwister Kirsten und Helge Klaus die Gesch\u00e4ftsf\u00fchrung.<\/p>\n<p>Die Firma Transporte Bodo Klaus GmbH &amp; Co. KG besch\u00e4ftigt heute etwa 50 Mitarbeiter und der Fuhrpark umfasst zur Zeit 31 Fahrzeuge.<\/p>\n<p>Die Lagerhaltung erfolgt in 3 Hallen mit insgesamt 4800 m\u00b2 Lagerfl\u00e4che.<\/p>\n<\/div>\n<\/div>\n<\/div>\n<\/div><\/div><\/div><\/div><\/div><div id=\"pg-gb46-6a0079e1019e8-2\"  class=\"panel-grid panel-no-style\" ><div id=\"pgc-gb46-6a0079e1019e8-2-0\"  class=\"panel-grid-cell panel-grid-cell-empty\" ><\/div><div id=\"pgc-gb46-6a0079e1019e8-2-1\"  class=\"panel-grid-cell panel-grid-cell-mobile-last\" ><div id=\"panel-gb46-6a0079e1019e8-2-1-0\" class=\"so-panel widget widget_sow-slider panel-first-child panel-last-child\" data-index=\"3\" ><div\n\t\t\t\n\t\t\tclass=\"so-widget-sow-slider so-widget-sow-slider-default-53fd0f98de19-46\"\n\t\t\t\n\t\t><div class=\"sow-slider-base\" style=\"display: none\"><ul\n\t\t\t\t\tclass=\"sow-slider-images\"\n\t\t\t\t\tdata-settings=\"{&quot;pagination&quot;:true,&quot;speed&quot;:800,&quot;timeout&quot;:8000,&quot;paused&quot;:false,&quot;pause_on_hover&quot;:false,&quot;swipe&quot;:true,&quot;nav_always_show_desktop&quot;:&quot;&quot;,&quot;nav_always_show_mobile&quot;:&quot;&quot;,&quot;breakpoint&quot;:&quot;780px&quot;,&quot;unmute&quot;:false,&quot;anchor&quot;:null}\"\n\t\t\t\t\t\t\t\t\t\tdata-anchor-id=\"\"\n\t\t\t\t>\t\t<li class=\"sow-slider-image  sow-slider-image-cover\" style=\"background-image: url(https:\/\/www.transporte-klaus.de\/wp-content\/uploads\/2021\/06\/bodo_klaus_07.jpg)\" >\n\t\t\t\t\t\t\t\t\t<img width=\"1599\" height=\"1066\" src=\"https:\/\/www.transporte-klaus.de\/wp-content\/uploads\/2021\/06\/bodo_klaus_07.jpg\" class=\"sow-slider-background-image skip-lazy\" alt=\"\" loading=\"eager\" srcset=\"https:\/\/www.transporte-klaus.de\/wp-content\/uploads\/2021\/06\/bodo_klaus_07.jpg 1599w, https:\/\/www.transporte-klaus.de\/wp-content\/uploads\/2021\/06\/bodo_klaus_07-300x200.jpg 300w, https:\/\/www.transporte-klaus.de\/wp-content\/uploads\/2021\/06\/bodo_klaus_07-1024x683.jpg 1024w, https:\/\/www.transporte-klaus.de\/wp-content\/uploads\/2021\/06\/bodo_klaus_07-768x512.jpg 768w, https:\/\/www.transporte-klaus.de\/wp-content\/uploads\/2021\/06\/bodo_klaus_07-1536x1024.jpg 1536w, https:\/\/www.transporte-klaus.de\/wp-content\/uploads\/2021\/06\/bodo_klaus_07-272x182.jpg 272w\" sizes=\"(max-width: 1599px) 100vw, 1599px\" \/>\t\t\t\t\t\t\t\t<\/li>\n\t\t\t\t<li class=\"sow-slider-image  sow-slider-image-cover\" style=\"background-image: url(https:\/\/www.transporte-klaus.de\/wp-content\/uploads\/2021\/06\/bodo_klaus_06.jpg)\" >\n\t\t\t\t\t\t\t\t\t<img width=\"1384\" height=\"970\" src=\"https:\/\/www.transporte-klaus.de\/wp-content\/uploads\/2021\/06\/bodo_klaus_06.jpg\" class=\"sow-slider-background-image skip-lazy\" alt=\"\" loading=\"eager\" srcset=\"https:\/\/www.transporte-klaus.de\/wp-content\/uploads\/2021\/06\/bodo_klaus_06.jpg 1384w, https:\/\/www.transporte-klaus.de\/wp-content\/uploads\/2021\/06\/bodo_klaus_06-300x210.jpg 300w, https:\/\/www.transporte-klaus.de\/wp-content\/uploads\/2021\/06\/bodo_klaus_06-1024x718.jpg 1024w, https:\/\/www.transporte-klaus.de\/wp-content\/uploads\/2021\/06\/bodo_klaus_06-768x538.jpg 768w\" sizes=\"(max-width: 1384px) 100vw, 1384px\" \/>\t\t\t\t\t\t\t\t<\/li>\n\t\t\t\t<li class=\"sow-slider-image  sow-slider-image-cover\" style=\"background-image: url(https:\/\/www.transporte-klaus.de\/wp-content\/uploads\/2021\/06\/bodo_klaus_10.jpg)\" >\n\t\t\t\t\t\t\t\t\t<img width=\"1599\" height=\"1066\" src=\"https:\/\/www.transporte-klaus.de\/wp-content\/uploads\/2021\/06\/bodo_klaus_10.jpg\" class=\"sow-slider-background-image skip-lazy\" alt=\"\" loading=\"eager\" srcset=\"https:\/\/www.transporte-klaus.de\/wp-content\/uploads\/2021\/06\/bodo_klaus_10.jpg 1599w, https:\/\/www.transporte-klaus.de\/wp-content\/uploads\/2021\/06\/bodo_klaus_10-300x200.jpg 300w, https:\/\/www.transporte-klaus.de\/wp-content\/uploads\/2021\/06\/bodo_klaus_10-1024x683.jpg 1024w, https:\/\/www.transporte-klaus.de\/wp-content\/uploads\/2021\/06\/bodo_klaus_10-768x512.jpg 768w, https:\/\/www.transporte-klaus.de\/wp-content\/uploads\/2021\/06\/bodo_klaus_10-1536x1024.jpg 1536w, https:\/\/www.transporte-klaus.de\/wp-content\/uploads\/2021\/06\/bodo_klaus_10-272x182.jpg 272w\" sizes=\"(max-width: 1599px) 100vw, 1599px\" \/>\t\t\t\t\t\t\t\t<\/li>\n\t\t\t\t<li class=\"sow-slider-image  sow-slider-image-cover\" style=\"background-image: url(https:\/\/www.transporte-klaus.de\/wp-content\/uploads\/2021\/06\/bodo_klaus_09.jpg)\" >\n\t\t\t\t\t\t\t\t\t<img width=\"1599\" height=\"940\" src=\"https:\/\/www.transporte-klaus.de\/wp-content\/uploads\/2021\/06\/bodo_klaus_09.jpg\" class=\"sow-slider-background-image skip-lazy\" alt=\"\" loading=\"eager\" srcset=\"https:\/\/www.transporte-klaus.de\/wp-content\/uploads\/2021\/06\/bodo_klaus_09.jpg 1599w, https:\/\/www.transporte-klaus.de\/wp-content\/uploads\/2021\/06\/bodo_klaus_09-300x176.jpg 300w, https:\/\/www.transporte-klaus.de\/wp-content\/uploads\/2021\/06\/bodo_klaus_09-1024x602.jpg 1024w, https:\/\/www.transporte-klaus.de\/wp-content\/uploads\/2021\/06\/bodo_klaus_09-768x451.jpg 768w, https:\/\/www.transporte-klaus.de\/wp-content\/uploads\/2021\/06\/bodo_klaus_09-1536x903.jpg 1536w\" sizes=\"(max-width: 1599px) 100vw, 1599px\" \/>\t\t\t\t\t\t\t\t<\/li>\n\t\t<\/ul>\t\t\t\t<ol class=\"sow-slider-pagination\">\n\t\t\t\t\t\t\t\t\t\t\t<li><a href=\"#\" data-goto=\"0\" aria-label=\"display slide 1\"><\/a><\/li>\n\t\t\t\t\t\t\t\t\t\t\t<li><a href=\"#\" data-goto=\"1\" aria-label=\"display slide 2\"><\/a><\/li>\n\t\t\t\t\t\t\t\t\t\t\t<li><a href=\"#\" data-goto=\"2\" aria-label=\"display slide 3\"><\/a><\/li>\n\t\t\t\t\t\t\t\t\t\t\t<li><a href=\"#\" data-goto=\"3\" aria-label=\"display slide 4\"><\/a><\/li>\n\t\t\t\t\t\t\t\t\t<\/ol>\n\n\t\t\t\t<div class=\"sow-slide-nav sow-slide-nav-next\">\n\t\t\t\t\t<a href=\"#\" data-goto=\"next\" aria-label=\"next slide\" data-action=\"next\">\n\t\t\t\t\t\t<em class=\"sow-sld-icon-thin-right\"><\/em>\n\t\t\t\t\t<\/a>\n\t\t\t\t<\/div>\n\n\t\t\t\t<div class=\"sow-slide-nav sow-slide-nav-prev\">\n\t\t\t\t\t<a href=\"#\" data-goto=\"previous\" aria-label=\"previous slide\" data-action=\"prev\">\n\t\t\t\t\t\t<em class=\"sow-sld-icon-thin-left\"><\/em>\n\t\t\t\t\t<\/a>\n\t\t\t\t<\/div>\n\t\t\t\t<\/div><\/div><\/div><\/div><div id=\"pgc-gb46-6a0079e1019e8-2-2\"  class=\"panel-grid-cell panel-grid-cell-empty\" ><\/div><\/div><\/div>\n\n\n<p><\/p>\n","protected":false},"excerpt":{"rendered":"<p>Die Firma Transporte Bodo Klaus GmbH &amp; Co. KG wurde 1969 von Herrn Bodo Klaus in V\u00f6hl-Dorfitter gegr\u00fcndet. 1996 erfolgte der Umzug in die Raiffeisenstra\u00dfe 8 nach 34497 Korbach im Landkreis Waldeck-Frankenberg (Nordhessen). Dort wurde neben dem Bereich Transportdienstleistungen der Neureifenbereich Verg\u00f6lst mit Warehousing und Auslieferung \u00fcbernommen. Von 2004 bis 2010 betrieben wir das AOK-Hilfsmittel &#8230; <a title=\"\u00dcber uns\" class=\"read-more\" href=\"https:\/\/www.transporte-klaus.de\/index.php\/ueber-uns\/\" aria-label=\"Mehr dazu unter \u00dcber uns\">Weiterlesen<\/a><\/p>\n","protected":false},"author":4,"featured_media":0,"parent":0,"menu_order":0,"comment_status":"closed","ping_status":"closed","template":"","meta":[],"_links":{"self":[{"href":"https:\/\/www.transporte-klaus.de\/index.php\/wp-json\/wp\/v2\/pages\/46"}],"collection":[{"href":"https:\/\/www.transporte-klaus.de\/index.php\/wp-json\/wp\/v2\/pages"}],"about":[{"href":"https:\/\/www.transporte-klaus.de\/index.php\/wp-json\/wp\/v2\/types\/page"}],"author":[{"embeddable":true,"href":"https:\/\/www.transporte-klaus.de\/index.php\/wp-json\/wp\/v2\/users\/4"}],"replies":[{"embeddable":true,"href":"https:\/\/www.transporte-klaus.de\/index.php\/wp-json\/wp\/v2\/comments?post=46"}],"version-history":[{"count":28,"href":"https:\/\/www.transporte-klaus.de\/index.php\/wp-json\/wp\/v2\/pages\/46\/revisions"}],"predecessor-version":[{"id":493,"href":"https:\/\/www.transporte-klaus.de\/index.php\/wp-json\/wp\/v2\/pages\/46\/revisions\/493"}],"wp:attachment":[{"href":"https:\/\/www.transporte-klaus.de\/index.php\/wp-json\/wp\/v2\/media?parent=46"}],"curies":[{"name":"wp","href":"https:\/\/api.w.org\/{rel}","templated":true}]}}