{"id":9,"date":"2020-03-22T17:46:47","date_gmt":"2020-03-22T17:46:47","guid":{"rendered":"https:\/\/www.transporte-klaus.de\/wordpress\/?page_id=9"},"modified":"2022-10-26T15:29:36","modified_gmt":"2022-10-26T14:29:36","slug":"datenschutz","status":"publish","type":"page","link":"https:\/\/www.transporte-klaus.de\/index.php\/datenschutz\/","title":{"rendered":"Datenschutz"},"content":{"rendered":"<div id=\"pl-gb9-6a0079dd64041\"  class=\"panel-layout\" ><div id=\"pg-gb9-6a0079dd64041-0\"  class=\"panel-grid panel-has-style\" ><div class=\"siteorigin-panels-stretch panel-row-style panel-row-style-for-gb9-6a0079dd64041-0\" data-stretch-type=\"full\" ><div id=\"pgc-gb9-6a0079dd64041-0-0\"  class=\"panel-grid-cell\" ><div id=\"panel-gb9-6a0079dd64041-0-0-0\" class=\"so-panel widget widget_text panel-first-child panel-last-child\" data-index=\"0\" ><h3 class=\"widget-title\">Datenschutzerkl\u00e4rung<\/h3>\t\t\t<div class=\"textwidget\"><p>Diese Datenschutzerkl\u00e4rung soll die Nutzer dieser Website gem\u00e4\u00df Bundesdatenschutzgesetz und Telemediengesetz sowie der neuen EU-Datenschutzgrundverordnung (EU-DSGVO) \u00fcber die Art, den Umfang und den Zweck der Erhebung und Verwendung personenbezogener Daten durch den Websitebetreiber Transporte Bodo Klaus GmbH &amp; Co. KG (<a href=\"mailto:helge.klaus@transporte-klaus.de\">helge.klaus@transporte-klaus.de<\/a>) informieren.<\/p>\n<h3><strong>1. Datenschutz allgemein<\/strong><\/h3>\n<h5><strong>Wer ist f\u00fcr die Datenerfassung auf dieser Website verantwortlich?<\/strong><\/h5>\n<p>F\u00fcr die Datenverarbeitung auf dieser Website ist der Websitebetreiber verantwortlich. Die Kontaktdaten des Websitebetreibers entnehmen Sie bitte dem Impressum oder Hinweis unter Punkt 2 dieser Datenschutzerkl\u00e4rung.<\/p>\n<h5><strong>Welche Daten werden wie erfasst?<\/strong><\/h5>\n<p><strong>Personenbezogene Daten, Kontaktdaten:<\/strong>\u00a0Nehmen Sie mit dem Websitebetreiber durch die angebotenen Kontaktm\u00f6glichkeiten Verbindung auf, werden Ihre Angaben gespeichert, damit auf diese zur Bearbeitung und Beantwortung Ihrer Anfrage zur\u00fcckgegriffen werden kann. Ohne Ihre Einwilligung werden diese Daten nicht an Dritte weitergegeben.<\/p>\n<p>Die Nutzung unserer Webseite ist in der Regel ohne Angabe personenbezogener Daten (wie zum Beispiel: Name, Anschrift oder eMail-Adressen) m\u00f6glich. Soweit auf unseren Seiten personenbezogene Daten erhoben werden, erfolgt dies, soweit m\u00f6glich, stets auf freiwilliger Basis. Diese Daten werden ohne Ihre ausdr\u00fcckliche Zustimmung nicht an Dritte weitergegeben. Sie erkennen die Datenerhebung an den entsprechenden Formularen, die Ihre pers\u00f6nlichen Daten abfragen. Hierbei kann es sich z.B. um Daten handeln, die Sie in ein Kontaktformular eingeben. Der Grund f\u00fcr die Datenerhebung pers\u00f6nlicher Daten ist in Regel an den Beschreibungen der Eingabeformulare erkennbar.<\/p>\n<p><strong>Zugriffsdaten:<\/strong>\u00a0Der Websitebetreiber bzw. Seitenprovider erhebt Daten \u00fcber Zugriffe auf die Seite und speichert diese als \u201eServer-Logfiles\u201c ab. Folgende Daten werden so protokolliert:<\/p>\n<ul>\n<li>Besuchte Website<\/li>\n<li>Uhrzeit zum Zeitpunkt des Zugriffes<\/li>\n<li>Menge der gesendeten Daten in Byte<\/li>\n<li>Quelle\/Verweis, von welchem Sie auf die Seite gelangten<\/li>\n<li>Verwendeter Browser<\/li>\n<li>Verwendetes Betriebssystem<\/li>\n<li>Verwendete IP-Adresse<\/li>\n<\/ul>\n<p>Die erhobenen Daten dienen lediglich statistischen Auswertungen und zur Verbesserung der Website. Der Websitebetreiber beh\u00e4lt sich allerdings vor, die Server-Logfiles nachtr\u00e4glich zu \u00fcberpr\u00fcfen, sollten konkrete Anhaltspunkte auf eine rechtswidrige Nutzung hinweisen.<\/p>\n<h5><strong>Welche Rechte haben Sie bez\u00fcglich Ihrer Daten?<\/strong><\/h5>\n<p>Sie als Nutzer erhalten auf Antrag Ihrerseits kostenlose Auskunft dar\u00fcber, welche personenbezogenen Daten \u00fcber Sie gespeichert wurden. Sofern Ihr Wunsch nicht mit einer gesetzlichen Pflicht zur Aufbewahrung von Daten (z. B. Vorratsdatenspeicherung) kollidiert, haben Sie ein Anrecht auf Berichtigung falscher Daten und auf die Sperrung oder L\u00f6schung Ihrer personenbezogenen Daten.<\/p>\n<p>Unter Punkt zwei in dieser Datenschutzerkl\u00e4rung finden Sie auf Auflistung der Ihnen zustehenden Rechte.<\/p>\n<h3><strong>2. Allgemeine Hinweise und Pflichtinformationen<\/strong><\/h3>\n<h5><strong>Datenschutz<\/strong><\/h5>\n<p>Der Websitebetreiber nimmt Ihren Datenschutz sehr ernst und behandelt Ihre personenbezogenen Daten vertraulich und entsprechend der gesetzlichen Vorschriften. Bedenken Sie, dass die Daten\u00fcbertragung im Internet grunds\u00e4tzlich mit Sicherheitsl\u00fccken bedacht sein kann. Ein vollumf\u00e4nglicher Schutz vor dem Zugriff durch Fremde ist nicht realisierbar.<\/p>\n<h5><strong>Verantwortliche Stelle<\/strong><\/h5>\n<p>Die verantwortliche Stelle f\u00fcr die Datenverarbeitung auf dieser Website ist:<\/p>\n<p><strong>Transporte Bodo Klaus GmbH &amp; Co. KG<\/strong><br \/>\nHelge Klaus und Kirsten Klaus-Schilling<\/p>\n<p>Raiffeisenstra\u00dfe 8<br \/>\n34497 Korbach<\/p>\n<p>Telefon: 05631 \u2013 95 86 0<br \/>\nTelefax: 05631 \u2013 91 34 08<br \/>\nE-Mail: helge.klaus@transporte-klaus.de<\/p>\n<p>Verantwortliche Stelle ist die nat\u00fcrliche oder juristische Person, die allein oder gemeinsam mit anderen \u00fcber die Zwecke und Mittel der Verarbeitung von personenbezogenen Daten (z.B. Namen, E-Mail-Adressen o. \u00c4.) entscheidet.<\/p>\n<h5><strong>Widerruf Ihrer Einwilligung zur Datenverarbeitung<\/strong><\/h5>\n<p>Viele Datenverarbeitungsvorg\u00e4nge sind nur mit Ihrer ausdr\u00fccklichen Einwilligung m\u00f6glich. Sie k\u00f6nnen eine bereits erteilte Einwilligung jederzeit widerrufen. Dazu reicht eine formlose Mitteilung per E-Mail an uns. Die Rechtm\u00e4\u00dfigkeit der bis zum Widerruf erfolgten Datenverarbeitung bleibt vom Widerruf unber\u00fchrt.<\/p>\n<h5><strong>Beschwerderecht bei der zust\u00e4ndigen Aufsichtsbeh\u00f6rde<\/strong><\/h5>\n<p>Im Falle datenschutzrechtlicher Verst\u00f6\u00dfe steht dem Betroffenen ein Beschwerderecht bei der zust\u00e4ndigen Aufsichtsbeh\u00f6rde zu. Zust\u00e4ndige Aufsichtsbeh\u00f6rde in datenschutzrechtlichen Fragen ist der Landesdatenschutzbeauftragte des Bundeslandes, in dem unser Unternehmen seinen Sitz hat. Eine Liste der Datenschutzbeauftragten sowie deren Kontaktdaten k\u00f6nnen folgendem Link entnommen werden: <a href=\"https:\/\/www.bfdi.bund.de\/DE\/Infothek\/Anschriften_Links\/anschriften_links-node.html\">https:\/\/www.bfdi.bund.de\/DE\/Infothek\/Anschriften_Links\/anschriften_links-node.html<\/a>.<\/p>\n<h5><strong>Recht auf Daten\u00fcbertragbarkeit<\/strong><\/h5>\n<p>Sie haben das Recht, Daten, die wir auf Grundlage Ihrer Einwilligung oder in Erf\u00fcllung eines Vertrags automatisiert verarbeiten, an sich oder an einen Dritten in einem g\u00e4ngigen, maschinenlesbaren Format aush\u00e4ndigen zu lassen. Sofern Sie die direkte \u00dcbertragung der Daten an einen anderen Verantwortlichen verlangen, erfolgt dies nur, soweit es technisch machbar ist.<\/p>\n<h5><strong>Recht auf Auskunft, Sperrung, L\u00f6schung<\/strong><\/h5>\n<p>Sie haben im Rahmen der geltenden gesetzlichen Bestimmungen jederzeit das Recht auf unentgeltliche Auskunft \u00fcber Ihre gespeicherten personenbezogenen Daten, deren Herkunft und Empf\u00e4nger und den Zweck der Datenverarbeitung und ggf. ein Recht auf Berichtigung, Sperrung oder L\u00f6schung dieser Daten. Hierzu sowie zu weiteren Fragen zum Thema personenbezogene Daten k\u00f6nnen Sie sich jederzeit unter der im Impressum angegebenen Adresse an uns wenden.<\/p>\n<h5><strong>Widerspruch gegen Werbe-Mails<\/strong><\/h5>\n<p>Der Nutzung von im Rahmen der Impressumspflicht ver\u00f6ffentlichten Kontaktdaten zur \u00dcbersendung von nicht ausdr\u00fccklich angeforderter Werbung und Informationsmaterialien wird hiermit widersprochen. Die Betreiber der Seiten behalten sich ausdr\u00fccklich rechtliche Schritte im Falle der unverlangten Zusendung von Werbeinformationen, etwa durch Spam-E-Mails, vor.<\/p>\n<p>&nbsp;<\/p>\n<h3><strong>3. Datenerfassung auf unserer Website<\/strong><\/h3>\n<h5><strong>Cookies<\/strong><\/h5>\n<p>Diese Website verwendet Cookies. Dabei handelt es sich um kleine Textdateien, welche auf Ihrem Endger\u00e4t gespeichert werden. Ihr Browser greift auf diese Dateien zu. Durch den Einsatz von Cookies erh\u00f6ht sich die Benutzerfreundlichkeit und Sicherheit dieser Website. G\u00e4ngige Browser bieten die Einstellungsoption, Cookies nicht zuzulassen. Hinweis: Es ist nicht gew\u00e4hrleistet, dass Sie auf alle Funktionen dieser Website ohne Einschr\u00e4nkungen zugreifen k\u00f6nnen, wenn Sie entsprechende Einstellungen vornehmen.<\/p>\n<h5><strong>Server-Log-Dateien<\/strong><\/h5>\n<p>Der Websitebetreiber bzw. Seitenprovider erhebt Daten \u00fcber Zugriffe auf die Seite und speichert diese als \u201eServer-Logfiles\u201c ab. Folgende Daten werden so protokolliert:<\/p>\n<ul>\n<li>Besuchte Website<\/li>\n<li>Uhrzeit zum Zeitpunkt des Zugriffes<\/li>\n<li>Menge der gesendeten Daten in Byte<\/li>\n<li>Quelle\/Verweis, von welchem Sie auf die Seite gelangten<\/li>\n<li>Verwendeter Browser<\/li>\n<li>Verwendetes Betriebssystem<\/li>\n<li>Verwendete IP-Adresse<\/li>\n<\/ul>\n<p>Die erhobenen Daten dienen lediglich statistischen Auswertungen und zur Verbesserung der Website. Der Websitebetreiber beh\u00e4lt sich allerdings vor, die Server-Logfiles nachtr\u00e4glich zu \u00fcberpr\u00fcfen, sollten konkrete Anhaltspunkte auf eine rechtswidrige Nutzung hinweisen.<\/p>\n<h5><strong>Kontaktformular<\/strong><\/h5>\n<p>Wenn Sie uns per Kontaktformular Anfragen zukommen lassen, werden Ihre Angaben aus dem Anfrageformular inklusive der von Ihnen dort angegebenen Kontaktdaten zwecks Bearbeitung der Anfrage und f\u00fcr den Fall von Anschlussfragen bei uns gespeichert. Diese Daten geben wir nicht ohne Ihre Einwilligung weiter.<\/p>\n<p>Die Verarbeitung der in das Kontaktformular eingegebenen Daten erfolgt somit ausschlie\u00dflich auf Grundlage Ihrer Einwilligung (Art. 6 Abs. 1 lit. a DSGVO). Sie k\u00f6nnen diese Einwilligung jederzeit widerrufen. Dazu reicht eine formlose Mitteilung per E-Mail an uns. Die Rechtm\u00e4\u00dfigkeit der bis zum Widerruf erfolgten Datenverarbeitungsvorg\u00e4nge bleibt vom Widerruf unber\u00fchrt.<\/p>\n<p>Die von Ihnen im Kontaktformular eingegebenen Daten verbleiben bei uns, bis Sie uns zur L\u00f6schung auffordern, Ihre Einwilligung zur Speicherung widerrufen oder der Zweck f\u00fcr die Datenspeicherung entf\u00e4llt (z.B. nach abgeschlossener Bearbeitung Ihrer Anfrage). Zwingende gesetzliche Bestimmungen \u2013 insbesondere Aufbewahrungsfristen \u2013 bleiben unber\u00fchrt.<\/p>\n<h5><strong>Kommentarfunktion<\/strong><\/h5>\n<p>Hinterlassen Sie auf dieser Website einen Beitrag oder Kommentar, wird Ihre IP-Adresse gespeichert. Dies erfolgt aufgrund unserer berechtigten Interessen im Sinne des Art. 6 Abs. 1 lit. f. DSGVO und dient der Sicherheit von uns als Websitebetreiber: Denn sollte Ihr Kommentar gegen geltendes Recht versto\u00dfen, k\u00f6nnen wir daf\u00fcr belangt werden, weshalb wir ein Interesse an der Identit\u00e4t des Kommentar- bzw. Beitragsautors haben.<\/p>\n<h5><strong>G\u00e4stebuchfunktion<\/strong><\/h5>\n<p>Hinterlassen Sie auf dieser Website einen G\u00e4stebucheintrag, wird Ihre IP-Adresse gespeichert. Dies erfolgt aufgrund unserer berechtigten Interessen im Sinne des Art. 6 Abs. 1 lit. f. DSGVO und dient der Sicherheit von uns als Websitebetreiber: Denn sollte Ihr G\u00e4stebucheintrag gegen geltendes Recht versto\u00dfen, k\u00f6nnen wir daf\u00fcr belangt werden, weshalb wir ein Interesse an der Identit\u00e4t des Autors des G\u00e4stebucheintrages haben.<\/p>\n<p>&nbsp;<\/p>\n<h3><strong>4. Plugins und Webtools<\/strong><\/h3>\n<p>Unter Plugins und Webtools sind Webdienste zu verstehen, die von Dritten Dienstanbietern bereitgestellt und in dieser Website eingebettet und genutzt werden.<\/p>\n<p>Sobald Inhalte oder Funktionen durch Dritte verwendet werden, findet auch ein Datenaustausch zwischen Ihnen bzw. Ihrem Internetbrowser und dem Dritten Dienstanbieter statt. Welche Daten ein Drittanbieter erhebt ist dabei unterschiedlich. W\u00e4hrend die IP-Adresse aus technischer Sich in fast jeden Fall \u00fcbermittelt wird erheben, verarbeiten oder speichern Dienstanbieter auch dar\u00fcber hinaus gewisse Daten oder setzen auch Cockies. Um Ihnen weitere Informationen zu geben Listen wir Nachfolgend alle hier verwendeten Plugins und Webtools auf, die auf dieser Website Verwendung finden und geben Ihnen weiterf\u00fchrende Informationen.<\/p>\n<p>&nbsp;<\/p>\n<p><strong>Hinweis:<\/strong>\u00a0Wir verwenden ausschlie\u00dflich Plugins und Webtools die entweder der Ansprechenden Gestaltung unserer Webinhalte dienen oder bestimmte Funktionen bereitstellen, die ein berechtigtes Interesse im Sinne von Art. 6 Abs. 1 lit. f DSGVO darstellen.<\/p>\n<h5><strong>OpenStreetMap<\/strong><\/h5>\n<p>Diese Webseite verwendet OpenStreetMap, um geographische Informationen (Kartenmaterial und Standorte) visuell darzustellen.<br \/>\nOpenStreeMap (OSM) speichert keine Nutzungsdaten. Weitere Informationen finden Sie unter\u00a0\u00a0<a href=\"https:\/\/wiki.openstreetmap.org\/wiki\/Legal_FAQ\">https:\/\/wiki.openstreetmap.org\/wiki\/Legal_FAQ<\/a>.<\/p>\n<h5><strong>Google Maps<\/strong><\/h5>\n<p>Diese\u00a0Seite nutzt \u00fcber eine API den Kartendienst Google Maps. Anbieter ist die Google Inc., 1600\u00a0Amphitheatre Parkway, Mountain View, CA 94043, USA.\u00a0Zur Nutzung der Funktionen von Google\u00a0Maps ist es notwendig, Ihre IP Adresse zu speichern. Diese Informationen werden in der Regel an einen\u00a0Server von Google in den USA \u00fcbertragen und dort gespeichert. Der Anbieter dieser Seite hat\u00a0keinen Einfluss auf diese Daten\u00fcbertragung.\u00a0Die Nutzung von Google Maps erfolgt im\u00a0Interesse einer ansprechenden Darstellung unserer Online-Angebote und an einer leichten Auffindbarkeit\u00a0der von uns auf der Website angegebenen Orte. Dies stellt ein berechtigtes Interesse im Sinne von Art. 6\u00a0Abs. 1 lit. f DSGVO dar.\u00a0Mehr Informationen zum Umgang mit Nutzerdaten finden Sie in der\u00a0Datenschutzerkl\u00e4rung von Google:\u00a0<a href=\"https:\/\/www.google.de\/intl\/de\/policies\/privacy\/\" target=\"_blank\" rel=\"noopener\">https:\/\/www.google.de\/intl\/de\/policies\/privacy\/<\/a>.<\/p>\n<h5><strong>Google Fonts<\/strong><\/h5>\n<p>Diese Seite nutzt zur einheitlichen Darstellung von Schriftarten so genannte Web Fonts, die von\u00a0Google bereitgestellt werden. Beim Aufruf einer Seite l\u00e4dt Ihr Browser die ben\u00f6tigten Web\u00a0Fonts in ihren Browsercache, um Texte und Schriftarten korrekt anzuzeigen.\u00a0Zu diesem Zweck\u00a0muss der von Ihnen verwendete Browser Verbindung zu den Servern von Google aufnehmen. Hierdurch\u00a0erlangt Google Kenntnis dar\u00fcber, dass \u00fcber Ihre IP-Adresse unsere Website aufgerufen\u00a0wurde. Die Nutzung von Google Web Fonts erfolgt im Interesse einer einheitlichen und ansprechenden\u00a0Darstellung unserer Online-Angebote. Dies stellt ein berechtigtes Interesse im Sinne von Art. 6 Abs. 1 lit. f<br \/>\nDSGVO dar.\u00a0Wenn Ihr Browser Web Fonts nicht unterst\u00fctzt, wird eine Standardschrift von\u00a0Ihrem Computer genutzt.\u00a0Weitere Informationen zu Google Web Fonts finden Sie unter\u00a0<a href=\"https:\/\/developers.google.com\/fonts\/faq\" target=\"_blank\" rel=\"noopener\">https:\/\/developers.google.com\/fonts\/faq<\/a>\u00a0und in der Datenschutzerkl\u00e4rung von\u00a0Google:\u00a0<a href=\"https:\/\/www.google.com\/policies\/privacy\/\" target=\"_blank\" rel=\"noopener\">https:\/\/www.google.com\/policies\/privacy\/<\/a>.<\/p>\n<h5><strong>Social-Media-Plugins (Facebook, Google+, Twitter, etc.)<\/strong><\/h5>\n<p>Social-Media-Plugins werden durch die Betreiber von Sozialen Netzwerken wie Facebook, Google+, Twitter, Instagram etc. bereitgestellt um Inhalte (Text und Bilder) von dieser Website mit anderen Personen zu teilen, zu bewerten, zu kommentieren oder zu empfehlen.\u00a0 Durch die Nutzung dieser Plugins k\u00f6nnen Daten, die zur Identifizierung oder Auswertung dienen, \u00fcbertragen werden.\u00a0 Nachfolgend werden die durch diese Website verwendeten Social-Media-Plugins aufgelistet. In der Beschreibung finden Sie weiterf\u00fchrende Informationen zum Thema Datenschutz des jeweiligen Plugins.<\/p>\n<p>Diese Webseite verwendet Social-Media-Plugins von den Folgenden Anbietern:<\/p>\n<p>&nbsp;<\/p>\n<h3><strong>5. Analysetools<\/strong><\/h3>\n<p>F\u00fcr Statistische Auswertung, Analyse und Optimierung dieser Webseite wird ein Analysetool im Sinne des Art. 6 Abs. 1 lit. f. DSGVO eingesetzt. Nachfolgend findet sie die von uns eingesetzten Analysetools.<\/p>\n<h5><strong>Google Analytics<\/strong><\/h5>\n<p>Diese Website nutzt aufgrund unserer berechtigten Interessen zur Optimierung und Analyse unseres Online-Angebots im Sinne des Art. 6 Abs. 1 lit. f. DSGVO den Dienst \u201eGoogle Analytics\u201c, welcher von der Google Inc. (1600 Amphitheatre Parkway Mountain View, CA 94043, USA) angeboten wird. Der Dienst (Google Analytics) verwendet \u201eCookies\u201c \u2013Textdateien, welche auf Ihrem Endger\u00e4t gespeichert werden. Die durch die Cookies gesammelten Informationen werden im Regelfall an einen Google-Server in den USA gesandt und dort gespeichert. Google LLC h\u00e4lt das europ\u00e4ische Datenschutzrecht ein und ist unter dem Privacy-Shield-Abkommen zertifiziert:<\/p>\n<p><a href=\"https:\/\/www.privacyshield.gov\/participant?id=a2zt000000001L5AAI&amp;status=Active\">https:\/\/www.privacyshield.gov\/participant?id=a2zt000000001L5AAI&amp;status=Active<\/a><\/p>\n<p>Auf dieser Website greift die IP-Anonymisierung. Die IP-Adresse der Nutzer wird innerhalb der Mitgliedsstaaten der EU und des Europ\u00e4ischen Wirtschaftsraum und in den anderen Vertragsstaaten des Abkommens gek\u00fcrzt. Nur in Einzelf\u00e4llen wird die IP-Adresse zun\u00e4chst ungek\u00fcrzt in die USA an einen Server von Google \u00fcbertragen und dort gek\u00fcrzt. Durch diese K\u00fcrzung entf\u00e4llt der Personenbezug Ihrer IP-Adresse. Die vom Browser \u00fcbermittelte IP-Adresse des Nutzers wird nicht mit anderen von Google gespeicherten Daten kombiniert.<\/p>\n<p>Im Rahmen der Vereinbarung zur Auftragsdatenvereinbarung, welche wir als Websitebetreiber mit der Google Inc. geschlossen haben, erstellt diese mithilfe der gesammelten Informationen eine Auswertung der Websitenutzung und der Websiteaktivit\u00e4t und erbringt mit der Internetnutzung verbundene Dienstleistungen.<\/p>\n<p>Die von Google in unserem Auftrag erhobenen Daten werden genutzt, um die Nutzung unseres Online-Angebots durch die einzelnen Nutzer auswerten zu k\u00f6nnen, z. B. um Reports \u00fcber die Aktivit\u00e4t auf der Website zu erstellen, um unser Online-Angebot zu verbessern.<\/p>\n<p>Sie haben die M\u00f6glichkeit, die Speicherung der Cookies auf Ihrem Ger\u00e4t zu verhindern, indem Sie in Ihrem Browser entsprechende Einstellungen vornehmen. Es ist nicht gew\u00e4hrleistet, dass Sie auf alle Funktionen dieser Website ohne Einschr\u00e4nkungen zugreifen k\u00f6nnen, wenn Ihr Browser keine Cookies zul\u00e4sst.<\/p>\n<p>Weiterhin k\u00f6nnen Sie durch ein Browser-Plugin verhindern, dass die durch Cookies gesammelten Informationen (inklusive Ihrer IP-Adresse) an die Google Inc. gesendet und von der Google Inc. genutzt werden. Folgender Link f\u00fchrt Sie zu dem entsprechenden Plugin:<\/p>\n<p><a href=\"https:\/\/tools.google.com\/dlpage\/gaoptout?hl=de\">https:\/\/tools.google.com\/dlpage\/gaoptout?hl=de<\/a><\/p>\n<p>Alternativ verhindern Sie mit einem Klick auf diesen Link (WICHTIG: Opt-Out-Link einf\u00fcgen), dass Google Analytics innerhalb dieser Website Daten \u00fcber Sie erfasst. Mit dem Klick auf obigen Link laden Sie ein \u201eOpt-Out-Cookie\u201c herunter. Ihr Browser muss die Speicherung von Cookies also hierzu grunds\u00e4tzlich erlauben. L\u00f6schen Sie Ihre Cookies regelm\u00e4\u00dfig, ist ein erneuter Klick auf den Link bei jedem Besuch dieser Website vonn\u00f6ten.<\/p>\n<p>Hier finden Sie weitere Informationen zur Datennutzung durch die Google Inc.:<\/p>\n<ul>\n<li><a href=\"https:\/\/policies.google.com\/privacy\/partners?hl=de\">https:\/\/policies.google.com\/privacy\/partners?hl=de<\/a><\/li>\n<\/ul>\n<p>(Daten, die von Google Partnern erhoben werden)<\/p>\n<ul>\n<li><a href=\"https:\/\/adssettings.google.de\/authenticated\">https:\/\/adssettings.google.de\/authenticated<\/a>\u00a0(Einstellungen \u00fcber Werbung, die Ihnen angezeigt wird)<\/li>\n<li><a href=\"https:\/\/policies.google.com\/technologies\/ads?hl=de\">https:\/\/policies.google.com\/technologies\/ads?hl=de<\/a><\/li>\n<\/ul>\n<p>(Verwendung von Cookies in Anzeigen)<\/p>\n<\/div>\n\t\t<\/div><\/div><\/div><\/div><\/div>","protected":false},"excerpt":{"rendered":"<p>Diese Datenschutzerkl\u00e4rung soll die Nutzer dieser Website gem\u00e4\u00df Bundesdatenschutzgesetz und Telemediengesetz sowie der neuen EU-Datenschutzgrundverordnung (EU-DSGVO) \u00fcber die Art, den Umfang und den Zweck der Erhebung und Verwendung personenbezogener Daten durch den Websitebetreiber Transporte Bodo Klaus GmbH &amp; Co. KG (helge.klaus@transporte-klaus.de) informieren. 1. Datenschutz allgemein Wer ist f\u00fcr die Datenerfassung auf dieser Website verantwortlich? F\u00fcr &#8230; <a title=\"Datenschutz\" class=\"read-more\" href=\"https:\/\/www.transporte-klaus.de\/index.php\/datenschutz\/\" aria-label=\"Mehr dazu unter Datenschutz\">Weiterlesen<\/a><\/p>\n","protected":false},"author":4,"featured_media":0,"parent":0,"menu_order":0,"comment_status":"closed","ping_status":"closed","template":"","meta":[],"_links":{"self":[{"href":"https:\/\/www.transporte-klaus.de\/index.php\/wp-json\/wp\/v2\/pages\/9"}],"collection":[{"href":"https:\/\/www.transporte-klaus.de\/index.php\/wp-json\/wp\/v2\/pages"}],"about":[{"href":"https:\/\/www.transporte-klaus.de\/index.php\/wp-json\/wp\/v2\/types\/page"}],"author":[{"embeddable":true,"href":"https:\/\/www.transporte-klaus.de\/index.php\/wp-json\/wp\/v2\/users\/4"}],"replies":[{"embeddable":true,"href":"https:\/\/www.transporte-klaus.de\/index.php\/wp-json\/wp\/v2\/comments?post=9"}],"version-history":[{"count":18,"href":"https:\/\/www.transporte-klaus.de\/index.php\/wp-json\/wp\/v2\/pages\/9\/revisions"}],"predecessor-version":[{"id":524,"href":"https:\/\/www.transporte-klaus.de\/index.php\/wp-json\/wp\/v2\/pages\/9\/revisions\/524"}],"wp:attachment":[{"href":"https:\/\/www.transporte-klaus.de\/index.php\/wp-json\/wp\/v2\/media?parent=9"}],"curies":[{"name":"wp","href":"https:\/\/api.w.org\/{rel}","templated":true}]}}